{"id":10,"date":"2021-05-04T13:36:54","date_gmt":"2021-05-04T13:36:54","guid":{"rendered":"http:\/\/vuosijuhlat.indecs.fi\/?page_id=10"},"modified":"2025-10-14T10:48:30","modified_gmt":"2025-10-14T07:48:30","slug":"etiketti","status":"publish","type":"page","link":"https:\/\/vuosijuhlat.indecs.fi\/en\/etiketti\/","title":{"rendered":"Etiquette"},"content":{"rendered":"<p>The annual party is the most prestigious of the academic table parties. This is reflected in the evening's programme and highlighted by the lavish dress and behaviour of the celebrants.<\/p>\n\n\n\n<h2 class=\"wp-block-heading has-text-align-center\" id=\"pukeutuminen\">How to dress<\/h2>\n\n\n\n<div class=\"wp-block-media-text alignwide is-stacked-on-mobile is-style-twentytwentyone-border\" style=\"grid-template-columns:26% auto\"><figure class=\"wp-block-media-text__media\"><img fetchpriority=\"high\" decoding=\"async\" width=\"819\" height=\"1024\" src=\"http:\/\/vuosijuhlat.indecs.fi\/wp-content\/uploads\/sites\/6\/2022\/02\/Index35-nopeet_potretit-IG1350px_Pheytr1x-107-819x1024.jpg\" alt=\"\" class=\"wp-image-738 size-full\" srcset=\"https:\/\/vuosijuhlat.indecs.fi\/wp-content\/uploads\/sites\/6\/2022\/02\/Index35-nopeet_potretit-IG1350px_Pheytr1x-107-819x1024.jpg 819w, https:\/\/vuosijuhlat.indecs.fi\/wp-content\/uploads\/sites\/6\/2022\/02\/Index35-nopeet_potretit-IG1350px_Pheytr1x-107-240x300.jpg 240w, https:\/\/vuosijuhlat.indecs.fi\/wp-content\/uploads\/sites\/6\/2022\/02\/Index35-nopeet_potretit-IG1350px_Pheytr1x-107-768x960.jpg 768w, https:\/\/vuosijuhlat.indecs.fi\/wp-content\/uploads\/sites\/6\/2022\/02\/Index35-nopeet_potretit-IG1350px_Pheytr1x-107.jpg 1080w\" sizes=\"(max-width: 819px) 100vw, 819px\" \/><\/figure><div class=\"wp-block-media-text__content\">\n<p>The look and feel of a party is largely determined by the way the partygoers dress. The dress code is expressed in terms of what is expected of male celebrants, which women will apply to their own level of dress. <strong>Indecsin 40. vuosijuhlilla pukukoodina on juhlapuku akateemisin kunniamerkein<\/strong>.<\/p>\n<\/div><\/div>\n\n\n\n<div class=\"wp-block-media-text alignwide has-media-on-the-right is-stacked-on-mobile is-style-twentytwentyone-border\" style=\"grid-template-columns:auto 30%\"><div class=\"wp-block-media-text__content\">\n<p>A party dress, also known as a white tie, is the most festive outfit for an evening party. For men it is a tailcoat, for women it is a long dress. A black dress can be substituted for the tailcoat. A white shirt and pearl grey tie is the most formal combination to wear with a black suit. A tuxedo can never be substituted for a tailcoat. The colour of the waistcoat for evening events is usually white.<\/p>\n<\/div><figure class=\"wp-block-media-text__media\"><img decoding=\"async\" width=\"1024\" height=\"1024\" src=\"http:\/\/vuosijuhlat.indecs.fi\/wp-content\/uploads\/sites\/6\/2022\/02\/Index35-nopeet_potretit-IG1350px_Pheytr1x-97-1024x1024.jpg\" alt=\"\" class=\"wp-image-736 size-full\" srcset=\"https:\/\/vuosijuhlat.indecs.fi\/wp-content\/uploads\/sites\/6\/2022\/02\/Index35-nopeet_potretit-IG1350px_Pheytr1x-97-1024x1024.jpg 1024w, https:\/\/vuosijuhlat.indecs.fi\/wp-content\/uploads\/sites\/6\/2022\/02\/Index35-nopeet_potretit-IG1350px_Pheytr1x-97-300x300.jpg 300w, https:\/\/vuosijuhlat.indecs.fi\/wp-content\/uploads\/sites\/6\/2022\/02\/Index35-nopeet_potretit-IG1350px_Pheytr1x-97-150x150.jpg 150w, https:\/\/vuosijuhlat.indecs.fi\/wp-content\/uploads\/sites\/6\/2022\/02\/Index35-nopeet_potretit-IG1350px_Pheytr1x-97-768x768.jpg 768w, https:\/\/vuosijuhlat.indecs.fi\/wp-content\/uploads\/sites\/6\/2022\/02\/Index35-nopeet_potretit-IG1350px_Pheytr1x-97.jpg 1350w\" sizes=\"(max-width: 1024px) 100vw, 1024px\" \/><\/figure><\/div>\n\n\n\n<div class=\"wp-block-media-text alignwide is-stacked-on-mobile is-image-fill is-style-twentytwentyone-border\" style=\"grid-template-columns:35% auto\"><figure class=\"wp-block-media-text__media\" style=\"background-image:url(http:\/\/vuosijuhlat.indecs.fi\/wp-content\/uploads\/sites\/6\/2022\/02\/Index35-nopeet_potretit-IG1350px_Pheytr1x-142-1024x819.jpg);background-position:50% 50%\"><img decoding=\"async\" width=\"1024\" height=\"819\" src=\"http:\/\/vuosijuhlat.indecs.fi\/wp-content\/uploads\/sites\/6\/2022\/02\/Index35-nopeet_potretit-IG1350px_Pheytr1x-142-1024x819.jpg\" alt=\"\" class=\"wp-image-737 size-full\" srcset=\"https:\/\/vuosijuhlat.indecs.fi\/wp-content\/uploads\/sites\/6\/2022\/02\/Index35-nopeet_potretit-IG1350px_Pheytr1x-142-1024x819.jpg 1024w, https:\/\/vuosijuhlat.indecs.fi\/wp-content\/uploads\/sites\/6\/2022\/02\/Index35-nopeet_potretit-IG1350px_Pheytr1x-142-300x240.jpg 300w, https:\/\/vuosijuhlat.indecs.fi\/wp-content\/uploads\/sites\/6\/2022\/02\/Index35-nopeet_potretit-IG1350px_Pheytr1x-142-768x614.jpg 768w, https:\/\/vuosijuhlat.indecs.fi\/wp-content\/uploads\/sites\/6\/2022\/02\/Index35-nopeet_potretit-IG1350px_Pheytr1x-142.jpg 1350w\" sizes=\"(max-width: 1024px) 100vw, 1024px\" \/><\/figure><div class=\"wp-block-media-text__content\">\n<p>At academic dinner parties, the outfit often includes any academic decorations. Academic medals are the honours and decorations awarded by universities and student societies, as well as student union\/department ribbons. They are used only at ceremonies organised by universities and students' associations in accordance with the rules of the awarding body. At the 2018 Indecs Autumn General Assembly, a new Code of Conduct has been adopted, introducing the merit and honour badges and the ribbon. The Code of Conduct was also updated at the 2019 Autumn General Assembly. You can find the Code of Conduct at <a href=\"https:\/\/indecs.fi\/dokumentit\/\">https:\/\/indecs.fi\/dokumentit\/<\/a>.<\/p>\n<\/div><\/div>\n\n\n\n<h2 class=\"wp-block-heading alignwide has-text-align-center\" id=\"kayttaytyminen-illan-kuluessa\">Behaviour throughout the evening<\/h2>\n\n\n\n<div class=\"wp-block-media-text alignwide is-stacked-on-mobile is-style-twentytwentyone-border\" style=\"grid-template-columns:34% auto\"><figure class=\"wp-block-media-text__media\"><img loading=\"lazy\" decoding=\"async\" width=\"1024\" height=\"731\" src=\"http:\/\/vuosijuhlat.indecs.fi\/wp-content\/uploads\/sites\/6\/2022\/02\/Index35-paajuhla-Pheytr1x-77D-8608-1024x731.jpg\" alt=\"\" class=\"wp-image-741 size-full\" srcset=\"https:\/\/vuosijuhlat.indecs.fi\/wp-content\/uploads\/sites\/6\/2022\/02\/Index35-paajuhla-Pheytr1x-77D-8608-1024x731.jpg 1024w, https:\/\/vuosijuhlat.indecs.fi\/wp-content\/uploads\/sites\/6\/2022\/02\/Index35-paajuhla-Pheytr1x-77D-8608-300x214.jpg 300w, https:\/\/vuosijuhlat.indecs.fi\/wp-content\/uploads\/sites\/6\/2022\/02\/Index35-paajuhla-Pheytr1x-77D-8608-768x549.jpg 768w, https:\/\/vuosijuhlat.indecs.fi\/wp-content\/uploads\/sites\/6\/2022\/02\/Index35-paajuhla-Pheytr1x-77D-8608-1536x1097.jpg 1536w, https:\/\/vuosijuhlat.indecs.fi\/wp-content\/uploads\/sites\/6\/2022\/02\/Index35-paajuhla-Pheytr1x-77D-8608-2048x1463.jpg 2048w, https:\/\/vuosijuhlat.indecs.fi\/wp-content\/uploads\/sites\/6\/2022\/02\/Index35-paajuhla-Pheytr1x-77D-8608-1568x1120.jpg 1568w\" sizes=\"(max-width: 1024px) 100vw, 1024px\" \/><\/figure><div class=\"wp-block-media-text__content\">\n<p>You meet lots of people, both familiar and unfamiliar, at the annual party. The best way to get to know strangers is through introductions. It's a good idea to introduce yourself to the people around you at the beginning of the party if you don't know them well. At least the people sitting next to you should introduce themselves, but it may also be a good idea to have a few words with the people sitting next to them.<\/p>\n<\/div><\/div>\n\n\n\n<div class=\"wp-block-media-text alignwide has-media-on-the-right is-stacked-on-mobile is-image-fill is-style-twentytwentyone-border\" style=\"grid-template-columns:auto 25%\"><div class=\"wp-block-media-text__content\">\n<p>It is not allowed to eat, drink, grope or otherwise disturb the speaker during a speech. Speeches always end with a song, which usually accompanies the speech. It is also not customary to eat during a song, unless the song specifically requires it. As for drinking, it is customary not to drink any beverage, even water, before it has been opened. Opening here means that a speech is made and a song is sung, at the end of which the first sip is taken. At more prestigious celebrations, sub-style songs should not be sung at all, for example all the unpublishable songs of Rasputin (400-499). The master of ceremonies may wish to declare a truce, for example during the main course, so that people can enjoy the pleasures of eating rather than singing.<\/p>\n<\/div><figure class=\"wp-block-media-text__media\" style=\"background-image:url(http:\/\/vuosijuhlat.indecs.fi\/wp-content\/uploads\/sites\/6\/2022\/02\/Index35-paajuhla-Pheytr1x-77D-8941-819x1024.jpg);background-position:50% 50%\"><img loading=\"lazy\" decoding=\"async\" width=\"819\" height=\"1024\" src=\"http:\/\/vuosijuhlat.indecs.fi\/wp-content\/uploads\/sites\/6\/2022\/02\/Index35-paajuhla-Pheytr1x-77D-8941-819x1024.jpg\" alt=\"\" class=\"wp-image-740 size-full\" srcset=\"https:\/\/vuosijuhlat.indecs.fi\/wp-content\/uploads\/sites\/6\/2022\/02\/Index35-paajuhla-Pheytr1x-77D-8941-819x1024.jpg 819w, https:\/\/vuosijuhlat.indecs.fi\/wp-content\/uploads\/sites\/6\/2022\/02\/Index35-paajuhla-Pheytr1x-77D-8941-240x300.jpg 240w, https:\/\/vuosijuhlat.indecs.fi\/wp-content\/uploads\/sites\/6\/2022\/02\/Index35-paajuhla-Pheytr1x-77D-8941-768x960.jpg 768w, https:\/\/vuosijuhlat.indecs.fi\/wp-content\/uploads\/sites\/6\/2022\/02\/Index35-paajuhla-Pheytr1x-77D-8941-1229x1536.jpg 1229w, https:\/\/vuosijuhlat.indecs.fi\/wp-content\/uploads\/sites\/6\/2022\/02\/Index35-paajuhla-Pheytr1x-77D-8941-1639x2048.jpg 1639w, https:\/\/vuosijuhlat.indecs.fi\/wp-content\/uploads\/sites\/6\/2022\/02\/Index35-paajuhla-Pheytr1x-77D-8941-1568x1960.jpg 1568w, https:\/\/vuosijuhlat.indecs.fi\/wp-content\/uploads\/sites\/6\/2022\/02\/Index35-paajuhla-Pheytr1x-77D-8941.jpg 1778w\" sizes=\"(max-width: 819px) 100vw, 819px\" \/><\/figure><\/div>\n\n\n\n<p>Source: the Student Union of Tampere University of Technology (2015). Sitsi Handbook from Tampere First edition. Pages 8-11 and 17-25.<\/p>\n\n\n\n<div class=\"wp-block-group tw-mt-8 is-layout-flow wp-block-group-is-layout-flow\">\n<div style=\"height:56px\" aria-hidden=\"true\" class=\"wp-block-spacer\"><\/div>\n\n\n\n<h2 class=\"wp-block-heading has-text-align-center\">In partnership with:<\/h2>\n\n\n<div  class=\"lgx_logo_slider_app_wrapper lgx-logo-slider-wp\"><div class=\"lgx-logo-wrapper  nav-position-b-center hover-zoomin\"  ><div class=\"owl-carousel lgx-logo-carousel\"  data-autoplaytimeout=\"2000\"  data-autoplayspeed=\"200\"  data-margin=\"20\"  data-loop=\"true\"  data-autoplay=\"true\"  data-autoplayhoverpause=\"false\"  data-dots=\"false\"  data-itemlarge=\"3\"  data-itemdesk=\"2\"  data-itemtablet=\"1\"  data-itemmobile=\"1\"  data-navlarge=\"false\"  data-navdesk=\"false\"  data-navtablet=\"false\"  data-navmobile=\"false\"  ><div class=\"item lgx-log-item\" ><div class=\"lgx-logo-item\" ><a href=\"https:\/\/www.ey.com\/fi_fi\" target=\"_blank\"><img decoding=\"async\" class=\"lgx-logo-img skip-lazy\" src=\"https:\/\/vuosijuhlat.indecs.fi\/wp-content\/uploads\/sites\/6\/2025\/01\/EY.png\" style=\"max-width: 300px;max-height: 250px;\"   alt=\"\" title=\"EY\" \/><\/a><\/div><\/div><div class=\"item lgx-log-item\" ><div class=\"lgx-logo-item\" ><a href=\"https:\/\/www.valor.fi\/\" target=\"_blank\"><img decoding=\"async\" class=\"lgx-logo-img skip-lazy\" src=\"https:\/\/vuosijuhlat.indecs.fi\/wp-content\/uploads\/sites\/6\/2025\/10\/valor_scaled.png\" style=\"max-width: 300px;max-height: 250px;\"   alt=\"\" title=\"Valor Partners\" \/><\/a><\/div><\/div><div class=\"item lgx-log-item\" ><div class=\"lgx-logo-item\" ><a href=\"https:\/\/www.pwc.fi\" target=\"_blank\"><img decoding=\"async\" class=\"lgx-logo-img skip-lazy\" src=\"https:\/\/vuosijuhlat.indecs.fi\/wp-content\/uploads\/sites\/6\/2025\/12\/PwC_logo.png\" style=\"max-width: 300px;max-height: 250px;\"   alt=\"\" title=\"PwC\" \/><\/a><\/div><\/div><div class=\"item lgx-log-item\" ><div class=\"lgx-logo-item\" ><a href=\"https:\/\/www.accenture.com\/fi-en\" target=\"_blank\"><img decoding=\"async\" class=\"lgx-logo-img skip-lazy\" src=\"https:\/\/vuosijuhlat.indecs.fi\/wp-content\/uploads\/sites\/6\/2025\/10\/Accenture.svg_.png\" style=\"max-width: 300px;max-height: 250px;\"   alt=\"\" title=\"Accenture\" \/><\/a><\/div><\/div><div class=\"item lgx-log-item\" ><div class=\"lgx-logo-item\" ><a href=\"https:\/\/yrityspaivat.com\" target=\"_blank\"><img decoding=\"async\" class=\"lgx-logo-img skip-lazy\" src=\"https:\/\/vuosijuhlat.indecs.fi\/wp-content\/uploads\/sites\/6\/2025\/10\/YP-Logo-320-X-132-Px.png\" style=\"max-width: 300px;max-height: 250px;\"   alt=\"\" title=\"Yritysp\u00e4iv\u00e4t\" \/><\/a><\/div><\/div><div class=\"item lgx-log-item\" ><div class=\"lgx-logo-item\" ><a href=\"https:\/\/www.bcg.com\" target=\"_blank\"><img decoding=\"async\" class=\"lgx-logo-img skip-lazy\" src=\"https:\/\/vuosijuhlat.indecs.fi\/wp-content\/uploads\/sites\/6\/2025\/12\/LOGO-BCG.png\" style=\"max-width: 300px;max-height: 250px;\"   alt=\"\" title=\"BCG\" \/><\/a><\/div><\/div><div class=\"item lgx-log-item\" ><div class=\"lgx-logo-item\" ><a href=\"https:\/\/www.tek.fi\/fi\" target=\"_blank\"><img decoding=\"async\" class=\"lgx-logo-img skip-lazy\" src=\"https:\/\/vuosijuhlat.indecs.fi\/wp-content\/uploads\/sites\/6\/2025\/11\/TEK_logo_RGB_slogan_RGB_kaksivarinen.png\" style=\"max-width: 300px;max-height: 250px;\"   alt=\"\" title=\"TEK\" \/><\/a><\/div><\/div><div class=\"item lgx-log-item\" ><div class=\"lgx-logo-item\" ><a href=\"https:\/\/framery.com\/fi\/\" target=\"_blank\"><img decoding=\"async\" class=\"lgx-logo-img skip-lazy\" src=\"https:\/\/vuosijuhlat.indecs.fi\/wp-content\/uploads\/sites\/6\/2025\/12\/framery-logo-black-1.png\" style=\"max-width: 300px;max-height: 250px;\"   alt=\"\" title=\"Framery\" \/><\/a><\/div><\/div><div class=\"item lgx-log-item\" ><div class=\"lgx-logo-item\" ><a href=\"http:\/\/powersoftware.fi\/\" target=\"_blank\"><img decoding=\"async\" class=\"lgx-logo-img skip-lazy\" src=\"https:\/\/vuosijuhlat.indecs.fi\/wp-content\/uploads\/sites\/6\/2025\/02\/5859447513852002901.png\" style=\"max-width: 300px;max-height: 250px;\"   alt=\"\" title=\"Power Software\" \/><\/a><\/div><\/div><\/div><\/div><\/div>\n<\/div>","protected":false},"excerpt":{"rendered":"<p>Vuosijuhlat ovat akateemisista p\u00f6yt\u00e4juhlista arvokkaimmat. T\u00e4m\u00e4 n\u00e4kyy illan ohjelmassa ja korostuu juhlijoiden korean pukeutumisen ja k\u00e4yt\u00f6ksen my\u00f6t\u00e4. Pukeutuminen Juhlien ulkoista olemusta ja tunnelmaa m\u00e4\u00e4ritt\u00e4\u00e4 suurilta osin juhlijoiden pukeutuminen. Pukukoodi ilmoitetaan [&hellip;]<\/p>","protected":false},"author":3,"featured_media":0,"parent":0,"menu_order":0,"comment_status":"closed","ping_status":"closed","template":"","meta":{"_EventAllDay":false,"_EventTimezone":"","_EventStartDate":"","_EventEndDate":"","_EventStartDateUTC":"","_EventEndDateUTC":"","_EventShowMap":false,"_EventShowMapLink":false,"_EventURL":"","_EventCost":"","_EventCostDescription":"","_EventCurrencySymbol":"","_EventCurrencyCode":"","_EventCurrencyPosition":"","_EventDateTimeSeparator":"","_EventTimeRangeSeparator":"","_EventOrganizerID":[],"_EventVenueID":[],"_OrganizerEmail":"","_OrganizerPhone":"","_OrganizerWebsite":"","_VenueAddress":"","_VenueCity":"","_VenueCountry":"","_VenueProvince":"","_VenueState":"","_VenueZip":"","_VenuePhone":"","_VenueURL":"","_VenueStateProvince":"","_VenueLat":"","_VenueLng":"","_VenueShowMap":false,"_VenueShowMapLink":false,"footnotes":""},"categories":[],"tags":[],"class_list":["post-10","page","type-page","status-publish","hentry"],"jetpack_sharing_enabled":true,"_links":{"self":[{"href":"https:\/\/vuosijuhlat.indecs.fi\/en\/wp-json\/wp\/v2\/pages\/10"}],"collection":[{"href":"https:\/\/vuosijuhlat.indecs.fi\/en\/wp-json\/wp\/v2\/pages"}],"about":[{"href":"https:\/\/vuosijuhlat.indecs.fi\/en\/wp-json\/wp\/v2\/types\/page"}],"author":[{"embeddable":true,"href":"https:\/\/vuosijuhlat.indecs.fi\/en\/wp-json\/wp\/v2\/users\/3"}],"replies":[{"embeddable":true,"href":"https:\/\/vuosijuhlat.indecs.fi\/en\/wp-json\/wp\/v2\/comments?post=10"}],"version-history":[{"count":62,"href":"https:\/\/vuosijuhlat.indecs.fi\/en\/wp-json\/wp\/v2\/pages\/10\/revisions"}],"predecessor-version":[{"id":987,"href":"https:\/\/vuosijuhlat.indecs.fi\/en\/wp-json\/wp\/v2\/pages\/10\/revisions\/987"}],"wp:attachment":[{"href":"https:\/\/vuosijuhlat.indecs.fi\/en\/wp-json\/wp\/v2\/media?parent=10"}],"wp:term":[{"taxonomy":"category","embeddable":true,"href":"https:\/\/vuosijuhlat.indecs.fi\/en\/wp-json\/wp\/v2\/categories?post=10"},{"taxonomy":"post_tag","embeddable":true,"href":"https:\/\/vuosijuhlat.indecs.fi\/en\/wp-json\/wp\/v2\/tags?post=10"}],"curies":[{"name":"wp","href":"https:\/\/api.w.org\/{rel}","templated":true}]}}