{"id":15,"date":"2021-05-04T13:44:46","date_gmt":"2021-05-04T13:44:46","guid":{"rendered":"http:\/\/vuosijuhlat.indecs.fi\/?page_id=15"},"modified":"2025-10-14T10:50:20","modified_gmt":"2025-10-14T07:50:20","slug":"yhteystiedot","status":"publish","type":"page","link":"https:\/\/vuosijuhlat.indecs.fi\/en\/yhteystiedot\/","title":{"rendered":"Contact i<wbr>nformation"},"content":{"rendered":"<p class=\"has-text-align-left\">Questions regarding the annual gala: <strong><a href=\"mailto:vuosijuhlat@indecs.fi\" target=\"_blank\" rel=\"noreferrer noopener\">vuosijuhlat@indecs.fi<\/a><\/strong>, tg: <a href=\"http:\/\/t.me\/anttonilmakangas\" data-type=\"link\" data-id=\"t.me\/riinasaari\" target=\"_blank\" rel=\"noreferrer noopener\">anttonilmakangas<\/a><\/p>\n\n\n\n<div class=\"wp-block-media-text alignwide is-stacked-on-mobile is-image-fill is-style-twentytwentyone-border\" style=\"grid-template-columns:45% auto\"><figure class=\"wp-block-media-text__media\" style=\"background-image:url(https:\/\/vuosijuhlat.indecs.fi\/wp-content\/uploads\/sites\/6\/2021\/05\/JSP0911-scaled.jpg);background-position:74% 65%\"><img fetchpriority=\"high\" decoding=\"async\" width=\"1704\" height=\"2560\" src=\"https:\/\/vuosijuhlat.indecs.fi\/wp-content\/uploads\/sites\/6\/2021\/05\/JSP0911-scaled.jpg\" alt=\"\" class=\"wp-image-575 size-full\" srcset=\"https:\/\/vuosijuhlat.indecs.fi\/wp-content\/uploads\/sites\/6\/2021\/05\/JSP0911-scaled.jpg 1704w, https:\/\/vuosijuhlat.indecs.fi\/wp-content\/uploads\/sites\/6\/2021\/05\/JSP0911-200x300.jpg 200w, https:\/\/vuosijuhlat.indecs.fi\/wp-content\/uploads\/sites\/6\/2021\/05\/JSP0911-681x1024.jpg 681w, https:\/\/vuosijuhlat.indecs.fi\/wp-content\/uploads\/sites\/6\/2021\/05\/JSP0911-768x1154.jpg 768w, https:\/\/vuosijuhlat.indecs.fi\/wp-content\/uploads\/sites\/6\/2021\/05\/JSP0911-1022x1536.jpg 1022w, https:\/\/vuosijuhlat.indecs.fi\/wp-content\/uploads\/sites\/6\/2021\/05\/JSP0911-1363x2048.jpg 1363w, https:\/\/vuosijuhlat.indecs.fi\/wp-content\/uploads\/sites\/6\/2021\/05\/JSP0911-1568x2356.jpg 1568w\" sizes=\"(max-width: 1704px) 100vw, 1704px\" \/><\/figure><div class=\"wp-block-media-text__content\">\n<h2 class=\"wp-block-heading has-text-align-center\" id=\"vuosijuhlatiimi\">The annual gala team:<\/h2>\n\n\n\n<p class=\"has-text-align-center\">Antton Ilmakangas<br>Noora Rakeva<br>Aino N\u00e4rhi<br>Tilda Lahtinen<br>Matilda Mattila<br>Emili Alitalo<br>Lenni Heli\u00f6<br>Laura Kuisma<br>Lauri Kontinen<br>Silja Palojoki<br>Jesse Maijanen<\/p>\n\n\n\n<p class=\"has-text-align-center\"><\/p>\n\n\n\n<p class=\"has-text-align-center\"><\/p>\n\n\n\n<p class=\"has-text-align-center\"><\/p>\n\n\n\n<p class=\"has-text-align-center\"><\/p>\n<\/div><\/div>\n\n\n\n<div class=\"wp-block-group tw-mt-8 is-layout-flow wp-block-group-is-layout-flow\">\n<div style=\"height:56px\" aria-hidden=\"true\" class=\"wp-block-spacer\"><\/div>\n\n\n\n<h2 class=\"wp-block-heading has-text-align-center\">In partnership with:<\/h2>\n\n\n<div  class=\"lgx_logo_slider_app_wrapper lgx-logo-slider-wp\"><div class=\"lgx-logo-wrapper  nav-position-b-center hover-zoomin\"  ><div class=\"owl-carousel lgx-logo-carousel\"  data-autoplaytimeout=\"2000\"  data-autoplayspeed=\"200\"  data-margin=\"20\"  data-loop=\"true\"  data-autoplay=\"true\"  data-autoplayhoverpause=\"false\"  data-dots=\"false\"  data-itemlarge=\"3\"  data-itemdesk=\"2\"  data-itemtablet=\"1\"  data-itemmobile=\"1\"  data-navlarge=\"false\"  data-navdesk=\"false\"  data-navtablet=\"false\"  data-navmobile=\"false\"  ><div class=\"item lgx-log-item\" ><div class=\"lgx-logo-item\" ><a href=\"https:\/\/www.pwc.fi\" target=\"_blank\"><img decoding=\"async\" class=\"lgx-logo-img skip-lazy\" src=\"https:\/\/vuosijuhlat.indecs.fi\/wp-content\/uploads\/sites\/6\/2025\/12\/PwC_logo.png\" style=\"max-width: 300px;max-height: 250px;\"   alt=\"\" title=\"PwC\" \/><\/a><\/div><\/div><div class=\"item lgx-log-item\" ><div class=\"lgx-logo-item\" ><a href=\"http:\/\/powersoftware.fi\/\" target=\"_blank\"><img decoding=\"async\" class=\"lgx-logo-img skip-lazy\" src=\"https:\/\/vuosijuhlat.indecs.fi\/wp-content\/uploads\/sites\/6\/2025\/02\/5859447513852002901.png\" style=\"max-width: 300px;max-height: 250px;\"   alt=\"\" title=\"Power Software\" \/><\/a><\/div><\/div><div class=\"item lgx-log-item\" ><div class=\"lgx-logo-item\" ><a href=\"https:\/\/www.tek.fi\/fi\" target=\"_blank\"><img decoding=\"async\" class=\"lgx-logo-img skip-lazy\" src=\"https:\/\/vuosijuhlat.indecs.fi\/wp-content\/uploads\/sites\/6\/2025\/11\/TEK_logo_RGB_slogan_RGB_kaksivarinen.png\" style=\"max-width: 300px;max-height: 250px;\"   alt=\"\" title=\"TEK\" \/><\/a><\/div><\/div><div class=\"item lgx-log-item\" ><div class=\"lgx-logo-item\" ><a href=\"https:\/\/www.ey.com\/fi_fi\" target=\"_blank\"><img decoding=\"async\" class=\"lgx-logo-img skip-lazy\" src=\"https:\/\/vuosijuhlat.indecs.fi\/wp-content\/uploads\/sites\/6\/2025\/01\/EY.png\" style=\"max-width: 300px;max-height: 250px;\"   alt=\"\" title=\"EY\" \/><\/a><\/div><\/div><div class=\"item lgx-log-item\" ><div class=\"lgx-logo-item\" ><a href=\"https:\/\/www.valor.fi\/\" target=\"_blank\"><img decoding=\"async\" class=\"lgx-logo-img skip-lazy\" src=\"https:\/\/vuosijuhlat.indecs.fi\/wp-content\/uploads\/sites\/6\/2025\/10\/valor_scaled.png\" style=\"max-width: 300px;max-height: 250px;\"   alt=\"\" title=\"Valor Partners\" \/><\/a><\/div><\/div><div class=\"item lgx-log-item\" ><div class=\"lgx-logo-item\" ><a href=\"https:\/\/www.accenture.com\/fi-en\" target=\"_blank\"><img decoding=\"async\" class=\"lgx-logo-img skip-lazy\" src=\"https:\/\/vuosijuhlat.indecs.fi\/wp-content\/uploads\/sites\/6\/2025\/10\/Accenture.svg_.png\" style=\"max-width: 300px;max-height: 250px;\"   alt=\"\" title=\"Accenture\" \/><\/a><\/div><\/div><div class=\"item lgx-log-item\" ><div class=\"lgx-logo-item\" ><a href=\"https:\/\/framery.com\/fi\/\" target=\"_blank\"><img decoding=\"async\" class=\"lgx-logo-img skip-lazy\" src=\"https:\/\/vuosijuhlat.indecs.fi\/wp-content\/uploads\/sites\/6\/2025\/12\/framery-logo-black-1.png\" style=\"max-width: 300px;max-height: 250px;\"   alt=\"\" title=\"Framery\" \/><\/a><\/div><\/div><div class=\"item lgx-log-item\" ><div class=\"lgx-logo-item\" ><a href=\"https:\/\/www.bcg.com\" target=\"_blank\"><img decoding=\"async\" class=\"lgx-logo-img skip-lazy\" src=\"https:\/\/vuosijuhlat.indecs.fi\/wp-content\/uploads\/sites\/6\/2025\/12\/LOGO-BCG.png\" style=\"max-width: 300px;max-height: 250px;\"   alt=\"\" title=\"BCG\" \/><\/a><\/div><\/div><div class=\"item lgx-log-item\" ><div class=\"lgx-logo-item\" ><a href=\"https:\/\/yrityspaivat.com\" target=\"_blank\"><img decoding=\"async\" class=\"lgx-logo-img skip-lazy\" src=\"https:\/\/vuosijuhlat.indecs.fi\/wp-content\/uploads\/sites\/6\/2025\/10\/YP-Logo-320-X-132-Px.png\" style=\"max-width: 300px;max-height: 250px;\"   alt=\"\" title=\"Yritysp\u00e4iv\u00e4t\" \/><\/a><\/div><\/div><\/div><\/div><\/div>\n<\/div>","protected":false},"excerpt":{"rendered":"<p>Vuosijuhliin liittyv\u00e4t kysymykset: vuosijuhlat@indecs.fi, tg: anttonilmakangas Vuosijuhlatiimi: Antton IlmakangasNoora RakevaAino N\u00e4rhiTilda LahtinenMatilda MattilaEmili AlitaloLenni Heli\u00f6Laura KuismaLauri KontinenSilja PalojokiJesse Maijanen<\/p>","protected":false},"author":3,"featured_media":0,"parent":0,"menu_order":0,"comment_status":"closed","ping_status":"closed","template":"","meta":{"_EventAllDay":false,"_EventTimezone":"","_EventStartDate":"","_EventEndDate":"","_EventStartDateUTC":"","_EventEndDateUTC":"","_EventShowMap":false,"_EventShowMapLink":false,"_EventURL":"","_EventCost":"","_EventCostDescription":"","_EventCurrencySymbol":"","_EventCurrencyCode":"","_EventCurrencyPosition":"","_EventDateTimeSeparator":"","_EventTimeRangeSeparator":"","_EventOrganizerID":[],"_EventVenueID":[],"_OrganizerEmail":"","_OrganizerPhone":"","_OrganizerWebsite":"","_VenueAddress":"","_VenueCity":"","_VenueCountry":"","_VenueProvince":"","_VenueState":"","_VenueZip":"","_VenuePhone":"","_VenueURL":"","_VenueStateProvince":"","_VenueLat":"","_VenueLng":"","_VenueShowMap":false,"_VenueShowMapLink":false,"footnotes":""},"categories":[],"tags":[],"class_list":["post-15","page","type-page","status-publish","hentry"],"jetpack_sharing_enabled":true,"_links":{"self":[{"href":"https:\/\/vuosijuhlat.indecs.fi\/en\/wp-json\/wp\/v2\/pages\/15"}],"collection":[{"href":"https:\/\/vuosijuhlat.indecs.fi\/en\/wp-json\/wp\/v2\/pages"}],"about":[{"href":"https:\/\/vuosijuhlat.indecs.fi\/en\/wp-json\/wp\/v2\/types\/page"}],"author":[{"embeddable":true,"href":"https:\/\/vuosijuhlat.indecs.fi\/en\/wp-json\/wp\/v2\/users\/3"}],"replies":[{"embeddable":true,"href":"https:\/\/vuosijuhlat.indecs.fi\/en\/wp-json\/wp\/v2\/comments?post=15"}],"version-history":[{"count":27,"href":"https:\/\/vuosijuhlat.indecs.fi\/en\/wp-json\/wp\/v2\/pages\/15\/revisions"}],"predecessor-version":[{"id":989,"href":"https:\/\/vuosijuhlat.indecs.fi\/en\/wp-json\/wp\/v2\/pages\/15\/revisions\/989"}],"wp:attachment":[{"href":"https:\/\/vuosijuhlat.indecs.fi\/en\/wp-json\/wp\/v2\/media?parent=15"}],"wp:term":[{"taxonomy":"category","embeddable":true,"href":"https:\/\/vuosijuhlat.indecs.fi\/en\/wp-json\/wp\/v2\/categories?post=15"},{"taxonomy":"post_tag","embeddable":true,"href":"https:\/\/vuosijuhlat.indecs.fi\/en\/wp-json\/wp\/v2\/tags?post=15"}],"curies":[{"name":"wp","href":"https:\/\/api.w.org\/{rel}","templated":true}]}}