{"id":6,"date":"2021-05-04T12:33:53","date_gmt":"2021-05-04T12:33:53","guid":{"rendered":"http:\/\/vuosijuhlat.indecs.fi\/?page_id=6"},"modified":"2026-02-09T12:11:02","modified_gmt":"2026-02-09T10:11:02","slug":"ohjelma","status":"publish","type":"page","link":"https:\/\/vuosijuhlat.indecs.fi\/en\/ohjelma\/","title":{"rendered":"Programme for the weekend"},"content":{"rendered":"<div data-elementor-type=\"wp-page\" data-elementor-id=\"6\" class=\"elementor elementor-6\">\n\t\t\t\t\t\t<section class=\"elementor-section elementor-top-section elementor-element elementor-element-45a5ce9d elementor-section-boxed elementor-section-height-default elementor-section-height-default\" data-id=\"45a5ce9d\" data-element_type=\"section\">\n\t\t\t\t\t\t<div class=\"elementor-container elementor-column-gap-default\">\n\t\t\t\t\t<div class=\"elementor-column elementor-col-100 elementor-top-column elementor-element elementor-element-52827285\" data-id=\"52827285\" data-element_type=\"column\">\n\t\t\t<div class=\"elementor-widget-wrap elementor-element-populated\">\n\t\t\t\t\t\t<div class=\"elementor-element elementor-element-71eef56e elementor-widget elementor-widget-text-editor\" data-id=\"71eef56e\" data-element_type=\"widget\" data-widget_type=\"text-editor.default\">\n\t\t\t\t<div class=\"elementor-widget-container\">\n\t\t\t\t\t\t\t\t\t<p><\/p>\n<div class=\"wp-block-media-text alignwide is-stacked-on-mobile is-style-twentytwentyone-border\">\n<figure class=\"wp-block-media-text__media\"><img fetchpriority=\"high\" decoding=\"async\" width=\"1024\" height=\"769\" class=\"wp-image-203 size-full\" src=\"http:\/\/vuosijuhlat.indecs.fi\/wp-content\/uploads\/sites\/6\/2021\/05\/kokkarit-1024x769.jpg\" alt=\"\" srcset=\"https:\/\/vuosijuhlat.indecs.fi\/wp-content\/uploads\/sites\/6\/2021\/05\/kokkarit-1024x769.jpg 1024w, https:\/\/vuosijuhlat.indecs.fi\/wp-content\/uploads\/sites\/6\/2021\/05\/kokkarit-300x225.jpg 300w, https:\/\/vuosijuhlat.indecs.fi\/wp-content\/uploads\/sites\/6\/2021\/05\/kokkarit-768x577.jpg 768w, https:\/\/vuosijuhlat.indecs.fi\/wp-content\/uploads\/sites\/6\/2021\/05\/kokkarit-1536x1153.jpg 1536w, https:\/\/vuosijuhlat.indecs.fi\/wp-content\/uploads\/sites\/6\/2021\/05\/kokkarit-2048x1538.jpg 2048w, https:\/\/vuosijuhlat.indecs.fi\/wp-content\/uploads\/sites\/6\/2021\/05\/kokkarit-1568x1177.jpg 1568w\" sizes=\"(max-width: 1024px) 100vw, 1024px\" \/><\/figure>\n<div class=\"wp-block-media-text__content\">\n<p><\/p>\n<h2 id=\"perjantai\" class=\"wp-block-heading has-text-align-center\">Perjantai 20.3.<\/h2>\n<p><\/p>\n<p><\/p>\n<p class=\"has-text-align-left\">Juhla alkaa arvokkaasti perjantaina klo 15.00 cocktail-tilaisuudella, johon osallistuvat lahjan luovuttavat kutsuvieraat. Cocktail-tilaisuudesta on j\u00e4rjestetty kuljetus p\u00e4\u00e4juhlaan. P\u00e4\u00e4juhla alkaa klo 18.00, ja sen paikkana toimii Solo Sokos Hotel Torni Tampereen Paja Kongressi. P\u00e4\u00e4juhlan p\u00e4\u00e4tytty\u00e4 siirryt\u00e4\u00e4n jatkoille paikkaan X.<\/p>\n<p><\/p>\n<p><\/p>\n<p class=\"has-text-align-center\" style=\"font-size: 11px;\">\u00a0<\/p>\n<p><\/p>\n<p><\/p>\n<p class=\"has-text-align-center\">\u00a0<\/p>\n<p><\/p>\n<p><\/p>\n<p class=\"has-text-align-center\">\u00a0<\/p>\n<p><\/p>\n<\/div>\n<\/div>\n<p><\/p>\n<p><\/p>\n<div class=\"wp-block-media-text alignwide has-media-on-the-right is-stacked-on-mobile is-style-twentytwentyone-border\" style=\"grid-template-columns: auto 52%;\">\n<div class=\"wp-block-media-text__content\">\n<p><\/p>\n<h2 id=\"lauantai\" class=\"wp-block-heading has-text-align-center\">Lauantai 21.3.<\/h2>\n<p><\/p>\n<p><\/p>\n<p class=\"has-text-align-center\">Lauantaina 12.3. mielet\u00f6n juhlinta jatkuu Silliksell\u00e4 paikassa X. Kuljetukset silliaamiaiselle l\u00e4htev\u00e4t klo 12.00 Hervannan kampukselta Tietotalon ja S\u00e4hk\u00f6talon v\u00e4liselt\u00e4 parkkipaikalta.<\/p>\n<p><\/p>\n<p><\/p>\n<p class=\"has-text-align-center\">\u00a0<\/p>\n<p><\/p>\n<p><\/p>\n<p class=\"has-text-align-center\">\u00a0<\/p>\n<p><\/p>\n<\/div>\n<figure class=\"wp-block-media-text__media\"><img decoding=\"async\" width=\"1024\" height=\"681\" class=\"wp-image-304 size-full\" src=\"http:\/\/vuosijuhlat.indecs.fi\/wp-content\/uploads\/sites\/6\/2021\/05\/sillis-1024x681.jpg\" alt=\"\" srcset=\"https:\/\/vuosijuhlat.indecs.fi\/wp-content\/uploads\/sites\/6\/2021\/05\/sillis-1024x681.jpg 1024w, https:\/\/vuosijuhlat.indecs.fi\/wp-content\/uploads\/sites\/6\/2021\/05\/sillis-300x200.jpg 300w, https:\/\/vuosijuhlat.indecs.fi\/wp-content\/uploads\/sites\/6\/2021\/05\/sillis-768x511.jpg 768w, https:\/\/vuosijuhlat.indecs.fi\/wp-content\/uploads\/sites\/6\/2021\/05\/sillis-1536x1022.jpg 1536w, https:\/\/vuosijuhlat.indecs.fi\/wp-content\/uploads\/sites\/6\/2021\/05\/sillis-2048x1363.jpg 2048w, https:\/\/vuosijuhlat.indecs.fi\/wp-content\/uploads\/sites\/6\/2021\/05\/sillis-1568x1043.jpg 1568w\" sizes=\"(max-width: 1024px) 100vw, 1024px\" \/><\/figure>\n<\/div>\n<p><\/p>\n<p>\n<div class=\"wp-block-group tw-mt-8 is-layout-flow wp-block-group-is-layout-flow\">\n<div style=\"height:56px\" aria-hidden=\"true\" class=\"wp-block-spacer\"><\/div>\n\n\n\n<h2 class=\"wp-block-heading has-text-align-center\">In partnership with:<\/h2>\n\n\n<p><div  class=\"lgx_logo_slider_app_wrapper lgx-logo-slider-wp\"><div class=\"lgx-logo-wrapper  nav-position-b-center hover-zoomin\"  ><div class=\"owl-carousel lgx-logo-carousel\"  data-autoplaytimeout=\"2000\"  data-autoplayspeed=\"200\"  data-margin=\"20\"  data-loop=\"true\"  data-autoplay=\"true\"  data-autoplayhoverpause=\"false\"  data-dots=\"false\"  data-itemlarge=\"3\"  data-itemdesk=\"2\"  data-itemtablet=\"1\"  data-itemmobile=\"1\"  data-navlarge=\"false\"  data-navdesk=\"false\"  data-navtablet=\"false\"  data-navmobile=\"false\"  ><div class=\"item lgx-log-item\" ><div class=\"lgx-logo-item\" ><a href=\"https:\/\/framery.com\/fi\/\" target=\"_blank\"><img decoding=\"async\" class=\"lgx-logo-img skip-lazy\" src=\"https:\/\/vuosijuhlat.indecs.fi\/wp-content\/uploads\/sites\/6\/2025\/12\/framery-logo-black-1.png\" style=\"max-width: 300px;max-height: 250px;\"   alt=\"\" title=\"Framery\" \/><\/a><\/div><\/div><div class=\"item lgx-log-item\" ><div class=\"lgx-logo-item\" ><a href=\"http:\/\/powersoftware.fi\/\" target=\"_blank\"><img decoding=\"async\" class=\"lgx-logo-img skip-lazy\" src=\"https:\/\/vuosijuhlat.indecs.fi\/wp-content\/uploads\/sites\/6\/2025\/02\/5859447513852002901.png\" style=\"max-width: 300px;max-height: 250px;\"   alt=\"\" title=\"Power Software\" \/><\/a><\/div><\/div><div class=\"item lgx-log-item\" ><div class=\"lgx-logo-item\" ><a href=\"https:\/\/www.valor.fi\/\" target=\"_blank\"><img decoding=\"async\" class=\"lgx-logo-img skip-lazy\" src=\"https:\/\/vuosijuhlat.indecs.fi\/wp-content\/uploads\/sites\/6\/2025\/10\/valor_scaled.png\" style=\"max-width: 300px;max-height: 250px;\"   alt=\"\" title=\"Valor Partners\" \/><\/a><\/div><\/div><div class=\"item lgx-log-item\" ><div class=\"lgx-logo-item\" ><a href=\"https:\/\/www.ey.com\/fi_fi\" target=\"_blank\"><img decoding=\"async\" class=\"lgx-logo-img skip-lazy\" src=\"https:\/\/vuosijuhlat.indecs.fi\/wp-content\/uploads\/sites\/6\/2025\/01\/EY.png\" style=\"max-width: 300px;max-height: 250px;\"   alt=\"\" title=\"EY\" \/><\/a><\/div><\/div><div class=\"item lgx-log-item\" ><div class=\"lgx-logo-item\" ><a href=\"https:\/\/www.bcg.com\" target=\"_blank\"><img decoding=\"async\" class=\"lgx-logo-img skip-lazy\" src=\"https:\/\/vuosijuhlat.indecs.fi\/wp-content\/uploads\/sites\/6\/2025\/12\/LOGO-BCG.png\" style=\"max-width: 300px;max-height: 250px;\"   alt=\"\" title=\"BCG\" \/><\/a><\/div><\/div><div class=\"item lgx-log-item\" ><div class=\"lgx-logo-item\" ><a href=\"https:\/\/www.pwc.fi\" target=\"_blank\"><img decoding=\"async\" class=\"lgx-logo-img skip-lazy\" src=\"https:\/\/vuosijuhlat.indecs.fi\/wp-content\/uploads\/sites\/6\/2025\/12\/PwC_logo.png\" style=\"max-width: 300px;max-height: 250px;\"   alt=\"\" title=\"PwC\" \/><\/a><\/div><\/div><div class=\"item lgx-log-item\" ><div class=\"lgx-logo-item\" ><a href=\"https:\/\/www.accenture.com\/fi-en\" target=\"_blank\"><img decoding=\"async\" class=\"lgx-logo-img skip-lazy\" src=\"https:\/\/vuosijuhlat.indecs.fi\/wp-content\/uploads\/sites\/6\/2025\/10\/Accenture.svg_.png\" style=\"max-width: 300px;max-height: 250px;\"   alt=\"\" title=\"Accenture\" \/><\/a><\/div><\/div><div class=\"item lgx-log-item\" ><div class=\"lgx-logo-item\" ><a href=\"https:\/\/www.tek.fi\/fi\" target=\"_blank\"><img decoding=\"async\" class=\"lgx-logo-img skip-lazy\" src=\"https:\/\/vuosijuhlat.indecs.fi\/wp-content\/uploads\/sites\/6\/2025\/11\/TEK_logo_RGB_slogan_RGB_kaksivarinen.png\" style=\"max-width: 300px;max-height: 250px;\"   alt=\"\" title=\"TEK\" \/><\/a><\/div><\/div><div class=\"item lgx-log-item\" ><div class=\"lgx-logo-item\" ><a href=\"https:\/\/yrityspaivat.com\" target=\"_blank\"><img decoding=\"async\" class=\"lgx-logo-img skip-lazy\" src=\"https:\/\/vuosijuhlat.indecs.fi\/wp-content\/uploads\/sites\/6\/2025\/10\/YP-Logo-320-X-132-Px.png\" style=\"max-width: 300px;max-height: 250px;\"   alt=\"\" title=\"Yritysp\u00e4iv\u00e4t\" \/><\/a><\/div><\/div><\/div><\/div><\/div><\/p>\n<\/div>\n<\/p>\t\t\t\t\t\t\t\t<\/div>\n\t\t\t\t<\/div>\n\t\t\t\t\t<\/div>\n\t\t<\/div>\n\t\t\t\t\t<\/div>\n\t\t<\/section>\n\t\t\t\t<\/div>","protected":false},"excerpt":{"rendered":"<p>Perjantai 20.3. Juhla alkaa arvokkaasti perjantaina klo 15.00 cocktail-tilaisuudella, johon osallistuvat lahjan luovuttavat kutsuvieraat. Cocktail-tilaisuudesta on j\u00e4rjestetty kuljetus p\u00e4\u00e4juhlaan. P\u00e4\u00e4juhla alkaa klo 18.00, ja sen paikkana toimii Solo Sokos Hotel [&hellip;]<\/p>","protected":false},"author":3,"featured_media":0,"parent":0,"menu_order":0,"comment_status":"closed","ping_status":"closed","template":"","meta":{"_EventAllDay":false,"_EventTimezone":"","_EventStartDate":"","_EventEndDate":"","_EventStartDateUTC":"","_EventEndDateUTC":"","_EventShowMap":false,"_EventShowMapLink":false,"_EventURL":"","_EventCost":"","_EventCostDescription":"","_EventCurrencySymbol":"","_EventCurrencyCode":"","_EventCurrencyPosition":"","_EventDateTimeSeparator":"","_EventTimeRangeSeparator":"","_EventOrganizerID":[],"_EventVenueID":[],"_OrganizerEmail":"","_OrganizerPhone":"","_OrganizerWebsite":"","_VenueAddress":"","_VenueCity":"","_VenueCountry":"","_VenueProvince":"","_VenueState":"","_VenueZip":"","_VenuePhone":"","_VenueURL":"","_VenueStateProvince":"","_VenueLat":"","_VenueLng":"","_VenueShowMap":false,"_VenueShowMapLink":false,"footnotes":""},"categories":[],"tags":[],"class_list":["post-6","page","type-page","status-publish","hentry"],"jetpack_sharing_enabled":true,"_links":{"self":[{"href":"https:\/\/vuosijuhlat.indecs.fi\/en\/wp-json\/wp\/v2\/pages\/6"}],"collection":[{"href":"https:\/\/vuosijuhlat.indecs.fi\/en\/wp-json\/wp\/v2\/pages"}],"about":[{"href":"https:\/\/vuosijuhlat.indecs.fi\/en\/wp-json\/wp\/v2\/types\/page"}],"author":[{"embeddable":true,"href":"https:\/\/vuosijuhlat.indecs.fi\/en\/wp-json\/wp\/v2\/users\/3"}],"replies":[{"embeddable":true,"href":"https:\/\/vuosijuhlat.indecs.fi\/en\/wp-json\/wp\/v2\/comments?post=6"}],"version-history":[{"count":175,"href":"https:\/\/vuosijuhlat.indecs.fi\/en\/wp-json\/wp\/v2\/pages\/6\/revisions"}],"predecessor-version":[{"id":1040,"href":"https:\/\/vuosijuhlat.indecs.fi\/en\/wp-json\/wp\/v2\/pages\/6\/revisions\/1040"}],"wp:attachment":[{"href":"https:\/\/vuosijuhlat.indecs.fi\/en\/wp-json\/wp\/v2\/media?parent=6"}],"wp:term":[{"taxonomy":"category","embeddable":true,"href":"https:\/\/vuosijuhlat.indecs.fi\/en\/wp-json\/wp\/v2\/categories?post=6"},{"taxonomy":"post_tag","embeddable":true,"href":"https:\/\/vuosijuhlat.indecs.fi\/en\/wp-json\/wp\/v2\/tags?post=6"}],"curies":[{"name":"wp","href":"https:\/\/api.w.org\/{rel}","templated":true}]}}